{"id":535,"date":"2019-06-28T13:14:09","date_gmt":"2019-06-28T11:14:09","guid":{"rendered":"https:\/\/www.laperallimonera.com\/la-compania\/"},"modified":"2023-09-14T10:05:50","modified_gmt":"2023-09-14T08:05:50","slug":"la-compania","status":"publish","type":"page","link":"https:\/\/www.laperallimonera.com\/es\/la-compania\/","title":{"rendered":"La Compa\u00f1\u00eda"},"content":{"rendered":"<p>[et_pb_section fb_built=\u00bb1&#8243; admin_label=\u00bbService Section\u00bb _builder_version=\u00bb4.16&#8243; background_color=\u00bbrgba(0,0,0,0.03)\u00bb min_height=\u00bb277px\u00bb custom_margin=\u00bb61px||19px|||\u00bb custom_padding=\u00bb1px||1px|||\u00bb global_colors_info=\u00bb{}\u00bb][et_pb_row admin_label=\u00bbQuote\u00bb _builder_version=\u00bb4.16&#8243; background_size=\u00bbinitial\u00bb background_position=\u00bbtop_left\u00bb background_repeat=\u00bbrepeat\u00bb width=\u00bb100%\u00bb max_width=\u00bb1000px\u00bb custom_margin=\u00bb-14px|auto|2px|auto||\u00bb custom_padding=\u00bb76px||2px|||\u00bb animation_style=\u00bbfade\u00bb animation_duration=\u00bb900ms\u00bb global_colors_info=\u00bb{}\u00bb][et_pb_column type=\u00bb4_4&#8243; _builder_version=\u00bb4.16&#8243; custom_padding=\u00bb|||\u00bb global_colors_info=\u00bb{}\u00bb custom_padding__hover=\u00bb|||\u00bb][et_pb_text admin_label=\u00bbQuote\u00bb _builder_version=\u00bb4.17.4&#8243; text_font=\u00bbMontserrat||||||||\u00bb text_text_color=\u00bb#747d88&#8243; text_font_size=\u00bb16px\u00bb text_line_height=\u00bb1.8em\u00bb background_size=\u00bbinitial\u00bb background_position=\u00bbtop_left\u00bb background_repeat=\u00bbrepeat\u00bb text_orientation=\u00bbcenter\u00bb max_width=\u00bb700px\u00bb module_alignment=\u00bbcenter\u00bb custom_margin=\u00bb||40px|||\u00bb custom_padding=\u00bb||0px|0px||\u00bb animation_style=\u00bbflip\u00bb animation_direction=\u00bbtop\u00bb animation_intensity_flip=\u00bb20%\u00bb hover_enabled=\u00bb0&#8243; global_colors_info=\u00bb{}\u00bb sticky_enabled=\u00bb0&#8243;]<\/p>\n<p><span style=\"font-size: large;\"> <em>\u00bb 30 a\u00f1os creando espect\u00e1culos que sorprenden a nuestro p\u00fablico, ni\u00f1os y ni\u00f1as, j\u00f3venes y adultos, por su gran calidad creativa y est\u00e9tica, porque ellos se merecen que cuidemos hasta el \u00faltimo detalle.<\/em><\/span><\/p>\n<p style=\"text-align: center;\"><span style=\"font-size: large;\"><em>Nuestras creaciones teatrales nacen de la observaci\u00f3n de realidades que recreamos desde la conciencia, la diversidad y el humor\u201d<\/em><\/span><\/p>\n<p>[\/et_pb_text][\/et_pb_column][\/et_pb_row][\/et_pb_section][et_pb_section fb_built=\u00bb1&#8243; _builder_version=\u00bb4.16&#8243; global_colors_info=\u00bb{}\u00bb][et_pb_row column_structure=\u00bb1_3,1_3,1_3&#8243; _builder_version=\u00bb4.16&#8243; width=\u00bb100%\u00bb max_width=\u00bb1400px\u00bb min_height=\u00bb317px\u00bb custom_margin=\u00bb|auto||auto||\u00bb custom_padding=\u00bb||13px|||\u00bb global_colors_info=\u00bb{}\u00bb][et_pb_column type=\u00bb1_3&#8243; _builder_version=\u00bb4.16&#8243; custom_padding=\u00bb|||\u00bb global_colors_info=\u00bb{}\u00bb custom_padding__hover=\u00bb|||\u00bb][et_pb_image src=\u00bbhttps:\/\/www.laperallimonera.com\/wp-content\/uploads\/2019\/06\/2provisional5186.jpg\u00bb _builder_version=\u00bb4.16&#8243; global_colors_info=\u00bb{}\u00bb][\/et_pb_image][\/et_pb_column][et_pb_column type=\u00bb1_3&#8243; _builder_version=\u00bb4.16&#8243; custom_padding=\u00bb|||\u00bb global_colors_info=\u00bb{}\u00bb custom_padding__hover=\u00bb|||\u00bb][et_pb_image src=\u00bbhttps:\/\/www.laperallimonera.com\/wp-content\/uploads\/2019\/06\/6provisional5153.jpg\u00bb _builder_version=\u00bb4.16&#8243; global_colors_info=\u00bb{}\u00bb][\/et_pb_image][\/et_pb_column][et_pb_column type=\u00bb1_3&#8243; _builder_version=\u00bb4.16&#8243; custom_padding=\u00bb|||\u00bb global_colors_info=\u00bb{}\u00bb custom_padding__hover=\u00bb|||\u00bb][et_pb_image src=\u00bbhttps:\/\/www.laperallimonera.com\/wp-content\/uploads\/2019\/06\/8provisional5202.jpg\u00bb _builder_version=\u00bb4.16&#8243; global_colors_info=\u00bb{}\u00bb][\/et_pb_image][\/et_pb_column][\/et_pb_row][\/et_pb_section][et_pb_section fb_built=\u00bb1&#8243; _builder_version=\u00bb4.16&#8243; global_colors_info=\u00bb{}\u00bb][et_pb_row admin_label=\u00bbQuote\u00bb _builder_version=\u00bb4.16&#8243; background_size=\u00bbinitial\u00bb background_position=\u00bbtop_left\u00bb background_repeat=\u00bbrepeat\u00bb width=\u00bb100%\u00bb max_width=\u00bb1000px\u00bb min_height=\u00bb444px\u00bb custom_margin=\u00bb-10px|auto|2px|auto||\u00bb custom_padding=\u00bb50px||2px|||\u00bb animation_style=\u00bbfade\u00bb animation_duration=\u00bb900ms\u00bb global_colors_info=\u00bb{}\u00bb][et_pb_column type=\u00bb4_4&#8243; _builder_version=\u00bb4.16&#8243; custom_padding=\u00bb|||\u00bb global_colors_info=\u00bb{}\u00bb custom_padding__hover=\u00bb|||\u00bb][et_pb_text admin_label=\u00bbQuote\u00bb _builder_version=\u00bb4.16&#8243; text_font=\u00bbMontserrat||||||||\u00bb text_text_color=\u00bb#747d88&#8243; text_font_size=\u00bb16px\u00bb text_line_height=\u00bb1.8em\u00bb background_size=\u00bbinitial\u00bb background_position=\u00bbtop_left\u00bb background_repeat=\u00bbrepeat\u00bb text_orientation=\u00bbcenter\u00bb max_width=\u00bb700px\u00bb module_alignment=\u00bbcenter\u00bb custom_margin=\u00bb|||||\u00bb custom_padding=\u00bb||0px|0px||\u00bb animation_style=\u00bbflip\u00bb animation_direction=\u00bbtop\u00bb animation_intensity_flip=\u00bb20%\u00bb global_colors_info=\u00bb{}\u00bb]<\/p>\n<p>Os hacemos vivir peque\u00f1as historias inventadas en nuestra imaginaci\u00f3n, a trav\u00e9s de las cuales podr\u00e9is viajar al mundo de vuestras propias emociones y sentimientos.<\/p>\n<p>Nuestros personajes os invitan a sentir, a vivir experiencias \u00fanicas m\u00e1s all\u00e1 de la realidad.<\/p>\n<p>Imaginamos i jugamos inventando historias para emocionar y re\u00edr. Improvisando construimos di\u00e1logos ingeniosos y absurdos que se convierten en m\u00faltiples juegos de palabras acompa\u00f1ados por el gesto. Y como en el juego simb\u00f3lico, los objetos se van reinventando y se transforman para construir una escenograf\u00eda armoniosa y sugerente.<\/p>\n<p><strong><em>En definitiva, un juego teatral de bufones, clowns y juglares; un estilo propio.<\/em><\/strong><\/p>\n<p>[\/et_pb_text][\/et_pb_column][\/et_pb_row][et_pb_row _builder_version=\u00bb4.16&#8243; global_colors_info=\u00bb{}\u00bb][et_pb_column type=\u00bb4_4&#8243; _builder_version=\u00bb4.16&#8243; custom_padding=\u00bb|||\u00bb global_colors_info=\u00bb{}\u00bb custom_padding__hover=\u00bb|||\u00bb][et_pb_divider color=\u00bb#000000&#8243; _builder_version=\u00bb4.16&#8243; global_colors_info=\u00bb{}\u00bb][\/et_pb_divider][\/et_pb_column][\/et_pb_row][\/et_pb_section][et_pb_section fb_built=\u00bb1&#8243; _builder_version=\u00bb3.24.1&#8243; custom_padding=\u00bb||31px|||\u00bb global_module=\u00bb367&#8243; saved_tabs=\u00bball\u00bb global_colors_info=\u00bb{}\u00bb][et_pb_row column_structure=\u00bb1_2,1_2&#8243; use_custom_gutter=\u00bbon\u00bb gutter_width=\u00bb4&#8243; _builder_version=\u00bb4.17.3&#8243; width=\u00bb100%\u00bb min_height=\u00bb302px\u00bb custom_margin=\u00bb|auto|50px|auto||\u00bb custom_padding=\u00bb||13px|||\u00bb global_colors_info=\u00bb{}\u00bb][et_pb_column type=\u00bb1_2&#8243; _builder_version=\u00bb4.16&#8243; custom_padding=\u00bb|||\u00bb global_colors_info=\u00bb{}\u00bb custom_padding__hover=\u00bb|||\u00bb][et_pb_blurb title=\u00bbU\u0418 traje nuevo para el emperador\u00bb image=\u00bbhttps:\/\/www.laperallimonera.com\/wp-content\/uploads\/2022\/04\/Un-Vestit-Nou-per-a-emperador-01.pg_-scaled.jpg\u00bb alt=\u00bbUn Traje Nuevo pera el Emperador\u00bb _builder_version=\u00bb4.17.3&#8243; header_font=\u00bbArial|600||on|||||\u00bb header_font_size=\u00bb20px\u00bb body_font=\u00bb||||||||\u00bb text_orientation=\u00bbcenter\u00bb custom_padding=\u00bb||6px|||\u00bb global_colors_info=\u00bb{}\u00bb][\/et_pb_blurb][et_pb_button button_url=\u00bb@ET-DC@eyJkeW5hbWljIjp0cnVlLCJjb250ZW50IjoicG9zdF9saW5rX3VybF9wYWdlIiwic2V0dGluZ3MiOnsicG9zdF9pZCI6IjIzNzUifX0=@\u00bb button_text=\u00bbVER M\u00c1S\u00bb button_alignment=\u00bbcenter\u00bb _builder_version=\u00bb4.17.3&#8243; _dynamic_attributes=\u00bbbutton_url\u00bb custom_button=\u00bbon\u00bb button_text_size=\u00bb14px\u00bb button_font=\u00bb||||||||\u00bb custom_margin=\u00bb-31px|||||\u00bb box_shadow_style=\u00bbpreset3&#8243; box_shadow_vertical=\u00bb10px\u00bb box_shadow_spread=\u00bb-13px\u00bb global_colors_info=\u00bb{}\u00bb][\/et_pb_button][et_pb_blurb title=\u00bbL\u00c1GRIMAS DE COCODRILO\u00bb image=\u00bbhttps:\/\/www.laperallimonera.com\/wp-content\/uploads\/2019\/06\/plors_laperallimonera_6838.jpg\u00bb _builder_version=\u00bb4.17.3&#8243; header_font=\u00bbArial|600|||||||\u00bb header_font_size=\u00bb20px\u00bb body_font=\u00bb||||||||\u00bb text_orientation=\u00bbcenter\u00bb custom_margin=\u00bb||40px|||\u00bb custom_padding=\u00bb||0px|||\u00bb global_colors_info=\u00bb{}\u00bb][\/et_pb_blurb][et_pb_button button_url=\u00bbhttps:\/\/www.laperallimonera.com\/es\/lagrimas-de-cocodrilo\/\u00bb button_text=\u00bbVER M\u00c1S\u00bb button_alignment=\u00bbcenter\u00bb _builder_version=\u00bb4.16&#8243; custom_button=\u00bbon\u00bb button_text_size=\u00bb14px\u00bb button_font=\u00bb||||||||\u00bb custom_margin=\u00bb-31px|||||\u00bb box_shadow_style=\u00bbpreset3&#8243; box_shadow_vertical=\u00bb10px\u00bb box_shadow_spread=\u00bb-13px\u00bb global_colors_info=\u00bb{}\u00bb][\/et_pb_button][\/et_pb_column][et_pb_column type=\u00bb1_2&#8243; _builder_version=\u00bb4.17.3&#8243; _module_preset=\u00bbdefault\u00bb global_colors_info=\u00bb{}\u00bb][et_pb_blurb title=\u00bbBAOBAB\u00bb image=\u00bbhttps:\/\/www.laperallimonera.com\/wp-content\/uploads\/2019\/06\/LaPeraLlimonera_BAOBABweb_9179.jpg\u00bb _builder_version=\u00bb4.17.3&#8243; header_font=\u00bbArial|600|||||||\u00bb header_font_size=\u00bb20px\u00bb body_font=\u00bb||||||||\u00bb text_orientation=\u00bbcenter\u00bb custom_padding=\u00bb||6px|||\u00bb global_colors_info=\u00bb{}\u00bb][\/et_pb_blurb][et_pb_button button_url=\u00bbhttps:\/\/www.laperallimonera.com\/es\/baobab\/\u00bb button_text=\u00bbVER M\u00c1S\u00bb button_alignment=\u00bbcenter\u00bb _builder_version=\u00bb4.16&#8243; custom_button=\u00bbon\u00bb button_text_size=\u00bb14px\u00bb button_font=\u00bb||||||||\u00bb custom_margin=\u00bb-31px|||||\u00bb box_shadow_style=\u00bbpreset3&#8243; box_shadow_vertical=\u00bb10px\u00bb box_shadow_spread=\u00bb-13px\u00bb global_colors_info=\u00bb{}\u00bb][\/et_pb_button][et_pb_blurb title=\u00bbQUO NO VADIS\u00bb image=\u00bbhttps:\/\/www.laperallimonera.com\/wp-content\/uploads\/2019\/06\/quo_3162.jpg\u00bb _builder_version=\u00bb4.17.3&#8243; header_font=\u00bbArial|600|||||||\u00bb header_font_size=\u00bb20px\u00bb body_font=\u00bb||||||||\u00bb text_orientation=\u00bbcenter\u00bb global_colors_info=\u00bb{}\u00bb][\/et_pb_blurb][et_pb_button button_url=\u00bbhttps:\/\/www.laperallimonera.com\/es\/quo-no-vadis\/\u00bb button_text=\u00bbVER M\u00c1S\u00bb button_alignment=\u00bbcenter\u00bb _builder_version=\u00bb4.16&#8243; custom_button=\u00bbon\u00bb button_text_size=\u00bb14px\u00bb button_font=\u00bb||||||||\u00bb custom_margin=\u00bb-31px|||||\u00bb box_shadow_style=\u00bbpreset3&#8243; box_shadow_vertical=\u00bb10px\u00bb box_shadow_spread=\u00bb-13px\u00bb global_colors_info=\u00bb{}\u00bb][\/et_pb_button][\/et_pb_column][\/et_pb_row][\/et_pb_section][et_pb_section fb_built=\u00bb1&#8243; admin_label=\u00bbContact Form Section\u00bb _builder_version=\u00bb3.25.3&#8243; background_color=\u00bbrgba(12,0,0,0.03)\u00bb min_height=\u00bb516px\u00bb custom_margin=\u00bb|||||\u00bb custom_padding=\u00bb||15px|||\u00bb animation_style=\u00bbzoom\u00bb animation_direction=\u00bbbottom\u00bb animation_intensity_zoom=\u00bb10%\u00bb global_module=\u00bb221&#8243; saved_tabs=\u00bball\u00bb global_colors_info=\u00bb{}\u00bb][et_pb_row admin_label=\u00bbService Section Title\u00bb _builder_version=\u00bb4.16&#8243; custom_margin=\u00bb|auto|-2px|auto||\u00bb animation_style=\u00bbfade\u00bb animation_direction=\u00bbtop\u00bb locked=\u00bboff\u00bb collapsed=\u00bboff\u00bb global_colors_info=\u00bb{}\u00bb][et_pb_column type=\u00bb4_4&#8243; _builder_version=\u00bb4.16&#8243; custom_padding=\u00bb|||\u00bb global_colors_info=\u00bb{}\u00bb custom_padding__hover=\u00bb|||\u00bb][et_pb_text admin_label=\u00bbTitle\u00bb _builder_version=\u00bb4.16&#8243; text_font=\u00bbMontserrat||||||||\u00bb text_text_color=\u00bb#747d88&#8243; text_font_size=\u00bb16px\u00bb text_line_height=\u00bb1.9em\u00bb header_font=\u00bb||||||||\u00bb header_2_font=\u00bbMontserrat|700||on|||||\u00bb header_2_font_size=\u00bb42px\u00bb header_2_line_height=\u00bb1.3em\u00bb background_size=\u00bbinitial\u00bb background_position=\u00bbtop_left\u00bb background_repeat=\u00bbrepeat\u00bb text_orientation=\u00bbcenter\u00bb max_width=\u00bb775px\u00bb module_alignment=\u00bbcenter\u00bb custom_margin=\u00bb||-37px|144px||\u00bb custom_padding=\u00bb||1px|||\u00bb animation_style=\u00bbslide\u00bb animation_direction=\u00bbbottom\u00bb animation_intensity_slide=\u00bb4%\u00bb inline_fonts=\u00bbVerdana\u00bb global_colors_info=\u00bb{}\u00bb]<\/p>\n<h1 style=\"text-align: left;\"><span style=\"font-size: x-large;\"><strong><span style=\"font-family: inherit;\">QUIERES RECIBIR M\u00c1S INFORMACI\u00d3N&#8230;<\/span><\/strong><\/span><\/h1>\n<p>[\/et_pb_text][\/et_pb_column][\/et_pb_row][et_pb_row admin_label=\u00bbContact Form\u00bb _builder_version=\u00bb4.16&#8243; min_height=\u00bb445px\u00bb animation_style=\u00bbfade\u00bb global_colors_info=\u00bb{}\u00bb][et_pb_column type=\u00bb4_4&#8243; _builder_version=\u00bb4.16&#8243; custom_padding=\u00bb|||\u00bb global_colors_info=\u00bb{}\u00bb custom_padding__hover=\u00bb|||\u00bb][et_pb_contact_form use_spam_service=\u00bbon\u00bb recaptcha_list=\u00bbadd_new_account\u00bb recaptcha_account_name=\u00bblaperallimonera\u00bb recaptcha_site_key=\u00bb6Le2_WwaAAAAAKFFSUcPumHIKxPuPwx4-HyCT27v\u00bb recaptcha_secret_key=\u00bb6Le2_WwaAAAAAP9QIvi9cVOQLyQbapf5jYY1ns7g\u00bb email=\u00bbteatre@laperallimonera.com,romagosapere@gmail.com\u00bb custom_message=\u00bbNom: %%NOM%%||et_pb_line_break_holder||Email de contacte: %%EMAIL%%||et_pb_line_break_holder||Missatge: %%MISSATGE%%\u00bb success_message=\u00bbEl mensaje se ha enviado correctamente. Nos pondremos en contacto contigo lo antes posible.\u00bb submit_button_text=\u00bbENVIAR\u00bb module_id=\u00bbet_pb_contact_form_0&#8243; _builder_version=\u00bb4.17.4&#8243; _unique_id=\u00bb5d23e15f-b76b-4eb2-9f6b-92f573b0503f\u00bb form_field_background_color=\u00bbrgba(255,255,255,0)\u00bb form_field_text_color=\u00bb#353740&#8243; captcha_font=\u00bb||||||||\u00bb captcha_font_size=\u00bb16px\u00bb captcha_letter_spacing=\u00bb2px\u00bb captcha_line_height=\u00bb1.1em\u00bb form_field_font=\u00bbMontserrat||||\u00bb form_field_font_size=\u00bb16px\u00bb custom_button=\u00bbon\u00bb button_text_size=\u00bb14px\u00bb button_text_color=\u00bb#000000&#8243; button_border_width=\u00bb0px\u00bb button_border_color=\u00bb#000000&#8243; button_border_radius=\u00bb8px\u00bb button_letter_spacing=\u00bb0px\u00bb button_font=\u00bbMontserrat|on||on|\u00bb button_icon=\u00bb&#x45;||divi||400&#8243; button_icon_color=\u00bb#000000&#8243; max_width=\u00bb800px\u00bb module_alignment=\u00bbcenter\u00bb min_height=\u00bb392px\u00bb custom_margin=\u00bb0px|||||\u00bb animation_style=\u00bbfade\u00bb box_shadow_style=\u00bbpreset7&#8243; box_shadow_horizontal=\u00bb0px\u00bb box_shadow_vertical=\u00bb-1px\u00bb box_shadow_color=\u00bbrgba(0,0,0,0.18)\u00bb form_background_color=\u00bbrgba(255,255,255,0)\u00bb global_colors_info=\u00bb{}\u00bb][et_pb_contact_field field_id=\u00bbNOM\u00bb field_title=\u00bbNOMBRE\u00bb fullwidth_field=\u00bbon\u00bb _builder_version=\u00bb4.16&#8243; global_colors_info=\u00bb{}\u00bb button_text_size__hover_enabled=\u00bboff\u00bb button_one_text_size__hover_enabled=\u00bboff\u00bb button_two_text_size__hover_enabled=\u00bboff\u00bb button_text_color__hover_enabled=\u00bboff\u00bb button_one_text_color__hover_enabled=\u00bboff\u00bb button_two_text_color__hover_enabled=\u00bboff\u00bb button_border_width__hover_enabled=\u00bboff\u00bb button_one_border_width__hover_enabled=\u00bboff\u00bb button_two_border_width__hover_enabled=\u00bboff\u00bb button_border_color__hover_enabled=\u00bboff\u00bb button_one_border_color__hover_enabled=\u00bboff\u00bb button_two_border_color__hover_enabled=\u00bboff\u00bb button_border_radius__hover_enabled=\u00bboff\u00bb button_one_border_radius__hover_enabled=\u00bboff\u00bb button_two_border_radius__hover_enabled=\u00bboff\u00bb button_letter_spacing__hover_enabled=\u00bboff\u00bb button_one_letter_spacing__hover_enabled=\u00bboff\u00bb button_two_letter_spacing__hover_enabled=\u00bboff\u00bb button_bg_color__hover_enabled=\u00bboff\u00bb button_one_bg_color__hover_enabled=\u00bboff\u00bb button_two_bg_color__hover_enabled=\u00bboff\u00bb][\/et_pb_contact_field][et_pb_contact_field field_id=\u00bbEMAIL\u00bb field_title=\u00bbEMAIL\u00bb field_type=\u00bbemail\u00bb fullwidth_field=\u00bbon\u00bb _builder_version=\u00bb4.16&#8243; global_colors_info=\u00bb{}\u00bb button_text_size__hover_enabled=\u00bboff\u00bb button_one_text_size__hover_enabled=\u00bboff\u00bb button_two_text_size__hover_enabled=\u00bboff\u00bb button_text_color__hover_enabled=\u00bboff\u00bb button_one_text_color__hover_enabled=\u00bboff\u00bb button_two_text_color__hover_enabled=\u00bboff\u00bb button_border_width__hover_enabled=\u00bboff\u00bb button_one_border_width__hover_enabled=\u00bboff\u00bb button_two_border_width__hover_enabled=\u00bboff\u00bb button_border_color__hover_enabled=\u00bboff\u00bb button_one_border_color__hover_enabled=\u00bboff\u00bb button_two_border_color__hover_enabled=\u00bboff\u00bb button_border_radius__hover_enabled=\u00bboff\u00bb button_one_border_radius__hover_enabled=\u00bboff\u00bb button_two_border_radius__hover_enabled=\u00bboff\u00bb button_letter_spacing__hover_enabled=\u00bboff\u00bb button_one_letter_spacing__hover_enabled=\u00bboff\u00bb button_two_letter_spacing__hover_enabled=\u00bboff\u00bb button_bg_color__hover_enabled=\u00bboff\u00bb button_one_bg_color__hover_enabled=\u00bboff\u00bb button_two_bg_color__hover_enabled=\u00bboff\u00bb][\/et_pb_contact_field][et_pb_contact_field field_id=\u00bbMISSATGE\u00bb field_title=\u00bbMENSAJE\u00bb field_type=\u00bbtext\u00bb fullwidth_field=\u00bbon\u00bb _builder_version=\u00bb4.16&#8243; form_field_line_height=\u00bb1.7em\u00bb custom_margin=\u00bb||60px|\u00bb custom_padding=\u00bb|||\u00bb global_colors_info=\u00bb{}\u00bb button_text_size__hover_enabled=\u00bboff\u00bb button_one_text_size__hover_enabled=\u00bboff\u00bb button_two_text_size__hover_enabled=\u00bboff\u00bb button_text_color__hover_enabled=\u00bboff\u00bb button_one_text_color__hover_enabled=\u00bboff\u00bb button_two_text_color__hover_enabled=\u00bboff\u00bb button_border_width__hover_enabled=\u00bboff\u00bb button_one_border_width__hover_enabled=\u00bboff\u00bb button_two_border_width__hover_enabled=\u00bboff\u00bb button_border_color__hover_enabled=\u00bboff\u00bb button_one_border_color__hover_enabled=\u00bboff\u00bb button_two_border_color__hover_enabled=\u00bboff\u00bb button_border_radius__hover_enabled=\u00bboff\u00bb button_one_border_radius__hover_enabled=\u00bboff\u00bb button_two_border_radius__hover_enabled=\u00bboff\u00bb button_letter_spacing__hover_enabled=\u00bboff\u00bb button_one_letter_spacing__hover_enabled=\u00bboff\u00bb button_two_letter_spacing__hover_enabled=\u00bboff\u00bb button_bg_color__hover_enabled=\u00bboff\u00bb button_one_bg_color__hover_enabled=\u00bboff\u00bb button_two_bg_color__hover_enabled=\u00bboff\u00bb][\/et_pb_contact_field][\/et_pb_contact_form][\/et_pb_column][\/et_pb_row][\/et_pb_section]<\/p>\n","protected":false},"excerpt":{"rendered":"<p>\u00bb 30 a\u00f1os creando espect\u00e1culos que sorprenden a nuestro p\u00fablico, ni\u00f1os y ni\u00f1as, j\u00f3venes y adultos, por su gran calidad creativa y est\u00e9tica, porque ellos se merecen que cuidemos hasta el \u00faltimo detalle. Nuestras creaciones teatrales nacen de la observaci\u00f3n de realidades que recreamos desde la conciencia, la diversidad y el humor\u201dOs hacemos vivir peque\u00f1as [&hellip;]<\/p>\n","protected":false},"author":5,"featured_media":0,"parent":0,"menu_order":0,"comment_status":"closed","ping_status":"closed","template":"","meta":{"_et_pb_use_builder":"on","_et_pb_old_content":"","_et_gb_content_width":"","footnotes":""},"class_list":["post-535","page","type-page","status-publish","hentry"],"_links":{"self":[{"href":"https:\/\/www.laperallimonera.com\/es\/wp-json\/wp\/v2\/pages\/535","targetHints":{"allow":["GET"]}}],"collection":[{"href":"https:\/\/www.laperallimonera.com\/es\/wp-json\/wp\/v2\/pages"}],"about":[{"href":"https:\/\/www.laperallimonera.com\/es\/wp-json\/wp\/v2\/types\/page"}],"author":[{"embeddable":true,"href":"https:\/\/www.laperallimonera.com\/es\/wp-json\/wp\/v2\/users\/5"}],"replies":[{"embeddable":true,"href":"https:\/\/www.laperallimonera.com\/es\/wp-json\/wp\/v2\/comments?post=535"}],"version-history":[{"count":0,"href":"https:\/\/www.laperallimonera.com\/es\/wp-json\/wp\/v2\/pages\/535\/revisions"}],"wp:attachment":[{"href":"https:\/\/www.laperallimonera.com\/es\/wp-json\/wp\/v2\/media?parent=535"}],"curies":[{"name":"wp","href":"https:\/\/api.w.org\/{rel}","templated":true}]}}